{"id":86,"date":"2025-07-23T14:52:54","date_gmt":"2025-07-23T12:52:54","guid":{"rendered":"https:\/\/wp.maybachfest.de\/?page_id=86"},"modified":"2025-07-23T16:17:37","modified_gmt":"2025-07-23T14:17:37","slug":"home","status":"publish","type":"page","link":"https:\/\/wp.maybachfest.de\/","title":{"rendered":"Home"},"content":{"rendered":"\n<div class=\"wp-block-cover alignfull is-light\" style=\"margin-top:0;margin-bottom:0\"><img loading=\"lazy\" decoding=\"async\" width=\"2000\" height=\"466\" class=\"wp-block-cover__image-background wp-image-94 size-full\" alt=\"\" src=\"https:\/\/wp.maybachfest.de\/wp-content\/uploads\/2025\/07\/4726fa_52f7260d59d24323bc42b6c36d2d1a62mv21.jpg\" data-object-fit=\"cover\" srcset=\"https:\/\/wp.maybachfest.de\/wp-content\/uploads\/2025\/07\/4726fa_52f7260d59d24323bc42b6c36d2d1a62mv21.jpg 2000w, https:\/\/wp.maybachfest.de\/wp-content\/uploads\/2025\/07\/4726fa_52f7260d59d24323bc42b6c36d2d1a62mv21-300x70.jpg 300w, https:\/\/wp.maybachfest.de\/wp-content\/uploads\/2025\/07\/4726fa_52f7260d59d24323bc42b6c36d2d1a62mv21-1024x239.jpg 1024w, https:\/\/wp.maybachfest.de\/wp-content\/uploads\/2025\/07\/4726fa_52f7260d59d24323bc42b6c36d2d1a62mv21-768x179.jpg 768w, https:\/\/wp.maybachfest.de\/wp-content\/uploads\/2025\/07\/4726fa_52f7260d59d24323bc42b6c36d2d1a62mv21-1536x358.jpg 1536w\" sizes=\"auto, (max-width: 2000px) 100vw, 2000px\" \/><span aria-hidden=\"true\" class=\"wp-block-cover__background has-background-dim\" style=\"background-color:#8f8782\"><\/span><div class=\"wp-block-cover__inner-container has-global-padding is-layout-constrained wp-block-cover-is-layout-constrained\">\n<figure class=\"wp-block-image size-full\"><img loading=\"lazy\" decoding=\"async\" width=\"976\" height=\"519\" src=\"https:\/\/wp.maybachfest.de\/wp-content\/uploads\/2025\/07\/Maybachfest-Flyer-keine-logos-210x105-2025.jpg\" alt=\"\" class=\"wp-image-90\" srcset=\"https:\/\/wp.maybachfest.de\/wp-content\/uploads\/2025\/07\/Maybachfest-Flyer-keine-logos-210x105-2025.jpg 976w, https:\/\/wp.maybachfest.de\/wp-content\/uploads\/2025\/07\/Maybachfest-Flyer-keine-logos-210x105-2025-300x160.jpg 300w, https:\/\/wp.maybachfest.de\/wp-content\/uploads\/2025\/07\/Maybachfest-Flyer-keine-logos-210x105-2025-768x408.jpg 768w\" sizes=\"auto, (max-width: 976px) 100vw, 976px\" \/><\/figure>\n<\/div><\/div>\n\n\n\n<h2 class=\"wp-block-heading has-text-align-center\">DRITTES MAYBACHFEST<\/h2>\n\n\n\n<p class=\"has-text-align-center\">LEONBERG 13.09.2025<\/p>\n\n\n\n<p class=\"has-text-align-center is-style-default\">Nach dem erneuten gro\u00dfen Erfolg des zweiten Maybachfestes im letzten Jahr, freuen wir uns, Euch zum zweiten Maybachfest am 13. September 2025 herzlich einzuladen!<\/p>\n\n\n\n<p class=\"has-text-align-center\">Auch dieses Mal haben wir, die aktiven Gewerbetreibenden der Maybachstra\u00dfe und Umgebung keine M\u00fchen gescheut, um ein unvergessliches Fest f\u00fcr die ganze Familie auf die Beine zu stellen.<\/p>\n\n\n\n<p class=\"has-text-align-center\">Der Tag beginnt wieder ab 11.00 Uhr und bietet eine Vielzahl spannender Aktionen und Attraktionen.<\/p>\n\n\n\n<p class=\"has-text-align-center\">Kommt vorbei und feiert mit uns! Wir freuen uns auf einen Tag voller Spa\u00df, Unterhaltung und Gemeinschaft auf der Maybachstra\u00dfe in Leonberg.<\/p>\n\n\n\n<h2 class=\"wp-block-heading has-text-align-center\" style=\"margin-top:var(--wp--preset--spacing--50);margin-bottom:var(--wp--preset--spacing--30)\">Veranstalter<\/h2>\n\n\n\n<h3 class=\"wp-block-heading has-text-align-center\">Wir feiern mit euch<\/h3>\n\n\n\n<div class=\"wp-block-columns alignfull is-layout-flex wp-container-core-columns-is-layout-0f3b8f68 wp-block-columns-is-layout-flex\" style=\"padding-right:var(--wp--preset--spacing--50);padding-left:var(--wp--preset--spacing--50)\">\n<div class=\"wp-block-column is-layout-flow wp-block-column-is-layout-flow\">\n<figure class=\"wp-block-image aligncenter size-full\"><img loading=\"lazy\" decoding=\"async\" width=\"313\" height=\"143\" src=\"https:\/\/wp.maybachfest.de\/wp-content\/uploads\/2025\/07\/C-Users-Ben-AppData-Roaming-BlueMail-Content-0-Inline-_48_46_48_95_53_56_72_111_46_48_95_.png\" alt=\"\" class=\"wp-image-106\" srcset=\"https:\/\/wp.maybachfest.de\/wp-content\/uploads\/2025\/07\/C-Users-Ben-AppData-Roaming-BlueMail-Content-0-Inline-_48_46_48_95_53_56_72_111_46_48_95_.png 313w, https:\/\/wp.maybachfest.de\/wp-content\/uploads\/2025\/07\/C-Users-Ben-AppData-Roaming-BlueMail-Content-0-Inline-_48_46_48_95_53_56_72_111_46_48_95_-300x137.png 300w\" sizes=\"auto, (max-width: 313px) 100vw, 313px\" \/><\/figure>\n\n\n\n<h2 class=\"wp-block-heading has-text-align-center\">PRO VITESS\u00a0 LEONBERG<\/h2>\n\n\n\n<p>Wir sind f\u00fcr innovative Trainingskonzepte, modernstes Trainings-Equipment und qualifizierte Beratung in unserem Fitness- und Gesundheitszentrum in Leonberg<\/p>\n\n\n\n<p>Wir helfen dir dabei, deine ganz pers\u00f6nlichen Fitness- und Gesundheitsziele zu erreichen&nbsp; -in jedem Alter und auf jedem Fitness-Level!<\/p>\n\n\n\n<p>seit \u00fcber 25 Jahre bekannt.<\/p>\n<\/div>\n\n\n\n<div class=\"wp-block-column is-layout-flow wp-block-column-is-layout-flow\">\n<figure class=\"wp-block-image aligncenter size-full\"><img loading=\"lazy\" decoding=\"async\" width=\"550\" height=\"136\" src=\"https:\/\/wp.maybachfest.de\/wp-content\/uploads\/2025\/07\/Screenshot-2023-07-04-023451.jpeg\" alt=\"\" class=\"wp-image-110\" srcset=\"https:\/\/wp.maybachfest.de\/wp-content\/uploads\/2025\/07\/Screenshot-2023-07-04-023451.jpeg 550w, https:\/\/wp.maybachfest.de\/wp-content\/uploads\/2025\/07\/Screenshot-2023-07-04-023451-300x74.jpeg 300w\" sizes=\"auto, (max-width: 550px) 100vw, 550px\" \/><\/figure>\n\n\n\n<h2 class=\"wp-block-heading has-text-align-center\">AUTOTEILE-REIFEN GEIGER<\/h2>\n\n\n\n<p>Unser Autoteile- und Reifen-Fachmarkt mit KFZ-Meisterwerkstatt in Leonberg ist Ihr zuverl\u00e4ssiger Partner f\u00fcr Reparaturen, Autoteile und Motorradteile aller Fabrikate. Ihre Sicherheit und Zufriedenheit liegen uns am Herzen. Daf\u00fcr steht unser Name in Leonberg seit \u00fcber 45 Jahren.<\/p>\n<\/div>\n\n\n\n<div class=\"wp-block-column is-layout-flow wp-block-column-is-layout-flow\">\n<figure class=\"wp-block-image aligncenter size-full\"><img loading=\"lazy\" decoding=\"async\" width=\"315\" height=\"136\" src=\"https:\/\/wp.maybachfest.de\/wp-content\/uploads\/2025\/07\/Screenshot-2023-07-04-023528.jpeg\" alt=\"\" class=\"wp-image-111\" srcset=\"https:\/\/wp.maybachfest.de\/wp-content\/uploads\/2025\/07\/Screenshot-2023-07-04-023528.jpeg 315w, https:\/\/wp.maybachfest.de\/wp-content\/uploads\/2025\/07\/Screenshot-2023-07-04-023528-300x130.jpeg 300w\" sizes=\"auto, (max-width: 315px) 100vw, 315px\" \/><\/figure>\n\n\n\n<h2 class=\"wp-block-heading has-text-align-center\">K\u00dcCHE &amp; CO LEONBERG<\/h2>\n\n\n\n<p>Mit dem Blick auf deine Bed\u00fcrfnisse und W\u00fcnsche verwirklichen wir gemeinsam, ehrlich und fair, deine pers\u00f6nliche Traumk\u00fcche.&nbsp;<br>Oder ist deine K\u00fcche etwas in die Jahre gekommen? F\u00fcr uns kein Problem!&nbsp;<br>Unser Service umfasst auch den Tausch von Sp\u00fclen, Armaturen, E-Ger\u00e4ten u.v.m<br>Wir laden dich ein in unser famili\u00e4r gef\u00fchrtes K\u00fcche&amp;Co Studio Leonberg in der Poststra\u00dfe 91, um die vielf\u00e4ltigen K\u00fccheneinrichtungsideen zu sehen und zu erleben.<\/p>\n<\/div>\n<\/div>\n\n\n\n<div class=\"wp-block-columns alignfull is-layout-flex wp-container-core-columns-is-layout-64052b23 wp-block-columns-is-layout-flex\" style=\"padding-top:var(--wp--preset--spacing--50);padding-right:var(--wp--preset--spacing--50);padding-bottom:var(--wp--preset--spacing--50);padding-left:var(--wp--preset--spacing--50)\">\n<div class=\"wp-block-column is-layout-flow wp-block-column-is-layout-flow\">\n<figure class=\"wp-block-image aligncenter size-full\"><img loading=\"lazy\" decoding=\"async\" width=\"240\" height=\"171\" src=\"https:\/\/wp.maybachfest.de\/wp-content\/uploads\/2025\/07\/nevo-logo-2018-big.png\" alt=\"\" class=\"wp-image-109\"\/><\/figure>\n\n\n\n<h2 class=\"wp-block-heading has-text-align-center\">NEVO SERVICE LEONBERG<\/h2>\n\n\n\n<p>Mit langj\u00e4hriger Erfahrung und Fokus auf Kundenzufriedenheit, k\u00f6nnen Sie uns f\u00fcr Ihre n\u00e4chste Renovierung vertrauen.<br>Wir bieten Ihnen einen professionellen Service f\u00fcr private und gewerbliche Bauvorhaben.<\/p>\n\n\n\n<p>Im Bereich Fensterbau, Elektrik und Sanit\u00e4rarbeiten, finden die Arbeiten in Absprache, R\u00fccksprache und Durchf\u00fchrung mit unseren Partnerbetrieben statt.<\/p>\n\n\n\n<p>Als Kunde k\u00f6nnen Sie sich voll und ganz auf uns, als alleinigen Ansprechpartner konzentrieren.<\/p>\n<\/div>\n\n\n\n<div class=\"wp-block-column is-layout-flow wp-block-column-is-layout-flow\">\n<figure class=\"wp-block-image aligncenter size-full is-resized\"><img loading=\"lazy\" decoding=\"async\" width=\"363\" height=\"230\" src=\"https:\/\/wp.maybachfest.de\/wp-content\/uploads\/2025\/07\/4726fa_995ee99b9cba45559e74a61d0078306bmv2.png\" alt=\"\" class=\"wp-image-112\" style=\"width:259px;height:auto\" srcset=\"https:\/\/wp.maybachfest.de\/wp-content\/uploads\/2025\/07\/4726fa_995ee99b9cba45559e74a61d0078306bmv2.png 363w, https:\/\/wp.maybachfest.de\/wp-content\/uploads\/2025\/07\/4726fa_995ee99b9cba45559e74a61d0078306bmv2-300x190.png 300w\" sizes=\"auto, (max-width: 363px) 100vw, 363px\" \/><\/figure>\n\n\n\n<h2 class=\"wp-block-heading has-text-align-center\">BABY1ONE<\/h2>\n\n\n\n<p>BabyOne ist seit \u00fcber 30 Jahren der f\u00fchrende Omnichannel-Anbieter f\u00fcr Baby- und Kleinkindprodukte im Franchisesystem in der DACH-Region. Wir bieten werdenden und jungen Familien eine weitreichende Produktpalette aus Eigen- und Fremdmarken sowie individuelle Serviceangebote \u2013 vor Ort, in einem der 28 Eigenm\u00e4rkte oder 76 Franchisem\u00e4rkte sowie digital \u00fcber den Online-Shop.<\/p>\n<\/div>\n\n\n\n<div class=\"wp-block-column is-layout-flow wp-block-column-is-layout-flow\">\n<figure class=\"wp-block-image aligncenter size-full\" style=\"margin-top:var(--wp--preset--spacing--50);margin-bottom:var(--wp--preset--spacing--50)\"><img loading=\"lazy\" decoding=\"async\" width=\"304\" height=\"59\" src=\"https:\/\/wp.maybachfest.de\/wp-content\/uploads\/2025\/07\/Eindruck_INTERSPORT_DE_1552032_pdf.png\" alt=\"\" class=\"wp-image-107\" srcset=\"https:\/\/wp.maybachfest.de\/wp-content\/uploads\/2025\/07\/Eindruck_INTERSPORT_DE_1552032_pdf.png 304w, https:\/\/wp.maybachfest.de\/wp-content\/uploads\/2025\/07\/Eindruck_INTERSPORT_DE_1552032_pdf-300x58.png 300w\" sizes=\"auto, (max-width: 304px) 100vw, 304px\" \/><\/figure>\n\n\n\n<h2 class=\"wp-block-heading has-text-align-center\">INTERSPORT R\u00c4PPLE<\/h2>\n\n\n\n<p>Wir sind INTERSPORT R\u00c4PPLE, dein kompetenter Sportspezialist in Leonberg. Bei uns findest du alles f\u00fcr deinen Sport &#8211; ob Bekleidung, Schuhe oder Ausr\u00fcstung. Komm vorbei und lass dich von unseren Sportexperten beraten! Wir freuen uns auf deinen Besuch.<\/p>\n<\/div>\n<\/div>\n\n\n\n<div class=\"wp-block-columns alignfull is-layout-flex wp-container-core-columns-is-layout-28f84493 wp-block-columns-is-layout-flex\">\n<div class=\"wp-block-column is-layout-flow wp-block-column-is-layout-flow\"><\/div>\n\n\n\n<div class=\"wp-block-column is-layout-flow wp-block-column-is-layout-flow\">\n<figure class=\"wp-block-image aligncenter size-full\"><img loading=\"lazy\" decoding=\"async\" width=\"136\" height=\"136\" src=\"https:\/\/wp.maybachfest.de\/wp-content\/uploads\/2025\/07\/Logo_Weightloss-Fitness_Social-Media-Profil_2.jpg\" alt=\"\" class=\"wp-image-108\"\/><\/figure>\n\n\n\n<h2 class=\"wp-block-heading has-text-align-center\">WEIGHTLOSS FITNESS<\/h2>\n\n\n\n<p>Weightloss Fitness ist ein ganzheitliches Konzept, um dir den Weg in ein leichtes Leben zu erm\u00f6glichen. Dabei unterst\u00fctzen wir dich und sagen den \u00fcbersch\u00fcssigen Kilos gemeinsam den Kampf an.<\/p>\n\n\n\n<p>Das TrainerInnen-Team um Roy Epple begleitet dich bei diesem Ziel und dem Weg zu deinem Wunschgewicht durch die umfassende Expertise in den Bereichen Fitness, Lifestyle und Ern\u00e4hrung.<\/p>\n<\/div>\n\n\n\n<div class=\"wp-block-column is-layout-flow wp-block-column-is-layout-flow\"><\/div>\n<\/div>\n\n\n\n<h2 class=\"wp-block-heading has-text-align-center is-style-text-display is-style-text-display--1\" style=\"margin-top:var(--wp--preset--spacing--70);margin-bottom:var(--wp--preset--spacing--50)\">Unsere Sponsoren<\/h2>\n\n\n\n<div class=\"wp-block-columns alignfull is-layout-flex wp-container-core-columns-is-layout-4fbd9eff wp-block-columns-is-layout-flex\" style=\"padding-top:var(--wp--preset--spacing--30);padding-right:var(--wp--preset--spacing--50);padding-bottom:var(--wp--preset--spacing--30);padding-left:var(--wp--preset--spacing--50)\">\n<div class=\"wp-block-column is-vertically-aligned-center is-layout-flow wp-block-column-is-layout-flow\">\n<figure class=\"wp-block-image aligncenter size-full\"><a href=\"https:\/\/www.all-good.de\/\"><img loading=\"lazy\" decoding=\"async\" width=\"381\" height=\"102\" src=\"https:\/\/wp.maybachfest.de\/wp-content\/uploads\/2025\/07\/Element-1_3x.png\" alt=\"\" class=\"wp-image-124\" srcset=\"https:\/\/wp.maybachfest.de\/wp-content\/uploads\/2025\/07\/Element-1_3x.png 381w, https:\/\/wp.maybachfest.de\/wp-content\/uploads\/2025\/07\/Element-1_3x-300x80.png 300w\" sizes=\"auto, (max-width: 381px) 100vw, 381px\" \/><\/a><\/figure>\n<\/div>\n\n\n\n<div class=\"wp-block-column is-vertically-aligned-center is-layout-flow wp-block-column-is-layout-flow\">\n<figure class=\"wp-block-image aligncenter size-full\"><a href=\"https:\/\/www.auto-epple.com\/\"><img loading=\"lazy\" decoding=\"async\" width=\"241\" height=\"124\" src=\"https:\/\/wp.maybachfest.de\/wp-content\/uploads\/2025\/07\/epple-logo.png\" alt=\"\" class=\"wp-image-128\"\/><\/a><\/figure>\n<\/div>\n\n\n\n<div class=\"wp-block-column is-vertically-aligned-center is-layout-flow wp-block-column-is-layout-flow\">\n<figure class=\"wp-block-image aligncenter size-full\"><a href=\"https:\/\/www.geze.de\/\"><img loading=\"lazy\" decoding=\"async\" width=\"302\" height=\"95\" src=\"https:\/\/wp.maybachfest.de\/wp-content\/uploads\/2025\/07\/GEZE_Logo_RGB_Web.png\" alt=\"\" class=\"wp-image-125\" srcset=\"https:\/\/wp.maybachfest.de\/wp-content\/uploads\/2025\/07\/GEZE_Logo_RGB_Web.png 302w, https:\/\/wp.maybachfest.de\/wp-content\/uploads\/2025\/07\/GEZE_Logo_RGB_Web-300x94.png 300w\" sizes=\"auto, (max-width: 302px) 100vw, 302px\" \/><\/a><\/figure>\n<\/div>\n\n\n\n<div class=\"wp-block-column is-vertically-aligned-center is-layout-flow wp-block-column-is-layout-flow\">\n<figure class=\"wp-block-image aligncenter size-full\"><a href=\"https:\/\/www.iep-wohnen.de\/\"><img loading=\"lazy\" decoding=\"async\" width=\"286\" height=\"143\" src=\"https:\/\/wp.maybachfest.de\/wp-content\/uploads\/2025\/07\/iep_Logo.jpg\" alt=\"\" class=\"wp-image-127\"\/><\/a><\/figure>\n<\/div>\n<\/div>\n\n\n\n<div class=\"wp-block-columns alignfull is-layout-flex wp-container-core-columns-is-layout-4fbd9eff wp-block-columns-is-layout-flex\" style=\"padding-top:var(--wp--preset--spacing--30);padding-right:var(--wp--preset--spacing--50);padding-bottom:var(--wp--preset--spacing--30);padding-left:var(--wp--preset--spacing--50)\">\n<div class=\"wp-block-column is-vertically-aligned-center is-layout-flow wp-block-column-is-layout-flow\">\n<figure class=\"wp-block-image aligncenter size-full\"><a href=\"https:\/\/www.gruenwerk-garten.com\/\"><img loading=\"lazy\" decoding=\"async\" width=\"286\" height=\"171\" src=\"https:\/\/wp.maybachfest.de\/wp-content\/uploads\/2025\/07\/Logo_Gruenwerk_4c.png\" alt=\"\" class=\"wp-image-130\"\/><\/a><\/figure>\n<\/div>\n\n\n\n<div class=\"wp-block-column is-vertically-aligned-center is-layout-flow wp-block-column-is-layout-flow\">\n<figure class=\"wp-block-image aligncenter size-full\"><a href=\"https:\/\/www.fahrschule-kraft-schlatterer.de\/\"><img loading=\"lazy\" decoding=\"async\" width=\"348\" height=\"159\" src=\"https:\/\/wp.maybachfest.de\/wp-content\/uploads\/2025\/07\/KuS-Logo-SZ-2020.png\" alt=\"\" class=\"wp-image-126\" srcset=\"https:\/\/wp.maybachfest.de\/wp-content\/uploads\/2025\/07\/KuS-Logo-SZ-2020.png 348w, https:\/\/wp.maybachfest.de\/wp-content\/uploads\/2025\/07\/KuS-Logo-SZ-2020-300x137.png 300w\" sizes=\"auto, (max-width: 348px) 100vw, 348px\" \/><\/a><\/figure>\n<\/div>\n\n\n\n<div class=\"wp-block-column is-vertically-aligned-center is-layout-flow wp-block-column-is-layout-flow\">\n<figure class=\"wp-block-image aligncenter size-full\"><a href=\"https:\/\/www.karle.de\/\"><img loading=\"lazy\" decoding=\"async\" width=\"704\" height=\"339\" src=\"https:\/\/wp.maybachfest.de\/wp-content\/uploads\/2025\/07\/2020.12.15_KARLE-und-BRUNOLD_e-Mail-Signatur_v1.png\" alt=\"\" class=\"wp-image-131\" srcset=\"https:\/\/wp.maybachfest.de\/wp-content\/uploads\/2025\/07\/2020.12.15_KARLE-und-BRUNOLD_e-Mail-Signatur_v1.png 704w, https:\/\/wp.maybachfest.de\/wp-content\/uploads\/2025\/07\/2020.12.15_KARLE-und-BRUNOLD_e-Mail-Signatur_v1-300x144.png 300w\" sizes=\"auto, (max-width: 704px) 100vw, 704px\" \/><\/a><\/figure>\n<\/div>\n\n\n\n<div class=\"wp-block-column is-vertically-aligned-center is-layout-flow wp-block-column-is-layout-flow\">\n<figure class=\"wp-block-image aligncenter size-full\"><a href=\"https:\/\/www.reer.de\/\"><img loading=\"lazy\" decoding=\"async\" width=\"1465\" height=\"354\" src=\"https:\/\/wp.maybachfest.de\/wp-content\/uploads\/2025\/07\/Reer-Logo.png\" alt=\"\" class=\"wp-image-132\" srcset=\"https:\/\/wp.maybachfest.de\/wp-content\/uploads\/2025\/07\/Reer-Logo.png 1465w, https:\/\/wp.maybachfest.de\/wp-content\/uploads\/2025\/07\/Reer-Logo-300x72.png 300w, https:\/\/wp.maybachfest.de\/wp-content\/uploads\/2025\/07\/Reer-Logo-1024x247.png 1024w, https:\/\/wp.maybachfest.de\/wp-content\/uploads\/2025\/07\/Reer-Logo-768x186.png 768w\" sizes=\"auto, (max-width: 1465px) 100vw, 1465px\" \/><\/a><\/figure>\n<\/div>\n<\/div>\n\n\n\n<div class=\"wp-block-columns alignfull is-layout-flex wp-container-core-columns-is-layout-4fbd9eff wp-block-columns-is-layout-flex\" style=\"padding-top:var(--wp--preset--spacing--30);padding-right:var(--wp--preset--spacing--50);padding-bottom:var(--wp--preset--spacing--30);padding-left:var(--wp--preset--spacing--50)\">\n<div class=\"wp-block-column is-vertically-aligned-center is-layout-flow wp-block-column-is-layout-flow\">\n<figure class=\"wp-block-image aligncenter size-full\" style=\"margin-right:0;margin-left:0\"><a href=\"https:\/\/www.bosch-bkk.de\/happyfamily\"><img loading=\"lazy\" decoding=\"async\" width=\"600\" height=\"95\" src=\"https:\/\/wp.maybachfest.de\/wp-content\/uploads\/2025\/07\/bosch-bkk.png\" alt=\"\" class=\"wp-image-135\" srcset=\"https:\/\/wp.maybachfest.de\/wp-content\/uploads\/2025\/07\/bosch-bkk.png 600w, https:\/\/wp.maybachfest.de\/wp-content\/uploads\/2025\/07\/bosch-bkk-300x48.png 300w\" sizes=\"auto, (max-width: 600px) 100vw, 600px\" \/><\/a><\/figure>\n<\/div>\n\n\n\n<div class=\"wp-block-column is-vertically-aligned-center is-layout-flow wp-block-column-is-layout-flow\">\n<figure class=\"wp-block-image size-full\" style=\"margin-right:0;margin-left:0\"><a href=\"https:\/\/www.kertu.de\/salons\/kertu-janni-ossas.html\"><img loading=\"lazy\" decoding=\"async\" width=\"500\" height=\"98\" src=\"https:\/\/wp.maybachfest.de\/wp-content\/uploads\/2025\/07\/KTU_Wortmarke_Ossas_1-zeilig_schwarz.png\" alt=\"\" class=\"wp-image-134\" srcset=\"https:\/\/wp.maybachfest.de\/wp-content\/uploads\/2025\/07\/KTU_Wortmarke_Ossas_1-zeilig_schwarz.png 500w, https:\/\/wp.maybachfest.de\/wp-content\/uploads\/2025\/07\/KTU_Wortmarke_Ossas_1-zeilig_schwarz-300x59.png 300w\" sizes=\"auto, (max-width: 500px) 100vw, 500px\" \/><\/a><\/figure>\n<\/div>\n\n\n\n<div class=\"wp-block-column is-vertically-aligned-center is-layout-flow wp-container-core-column-is-layout-f016c79b wp-block-column-is-layout-flow\" style=\"padding-top:0;padding-right:0;padding-bottom:0;padding-left:0\">\n<figure class=\"wp-block-image aligncenter size-large has-custom-border is-style-default\" style=\"margin-right:0;margin-left:0\"><a href=\"https:\/\/www.kskbb.de\/\"><img loading=\"lazy\" decoding=\"async\" width=\"117\" height=\"151\" src=\"https:\/\/wp.maybachfest.de\/wp-content\/uploads\/2025\/07\/Sparkasse_svg.png\" alt=\"\" class=\"wp-image-129\" style=\"border-radius:0px;border-top-style:none;border-top-width:0px;border-right-color:var(--wp--preset--color--base);border-right-width:20px;border-bottom-style:none;border-bottom-width:0px;border-left-color:var(--wp--preset--color--base);border-left-width:20px\"\/><\/a><\/figure>\n<\/div>\n\n\n\n<div class=\"wp-block-column is-vertically-aligned-center is-layout-flow wp-block-column-is-layout-flow\">\n<figure class=\"wp-block-image aligncenter size-full\"><a href=\"https:\/\/www.ziegler-entruempelungen.de\/\"><img loading=\"lazy\" decoding=\"async\" width=\"576\" height=\"204\" src=\"https:\/\/wp.maybachfest.de\/wp-content\/uploads\/2025\/07\/Ziegler_Entruempelungen.png\" alt=\"\" class=\"wp-image-133\" srcset=\"https:\/\/wp.maybachfest.de\/wp-content\/uploads\/2025\/07\/Ziegler_Entruempelungen.png 576w, https:\/\/wp.maybachfest.de\/wp-content\/uploads\/2025\/07\/Ziegler_Entruempelungen-300x106.png 300w\" sizes=\"auto, (max-width: 576px) 100vw, 576px\" \/><\/a><\/figure>\n<\/div>\n<\/div>\n\n\n\n<p><\/p>\n","protected":false},"excerpt":{"rendered":"<p>DRITTES MAYBACHFEST LEONBERG 13.09.2025 Nach dem erneuten gro\u00dfen Erfolg des zweiten Maybachfestes im letzten Jahr, freuen wir uns, Euch zum zweiten Maybachfest am 13. September 2025 herzlich einzuladen! Auch dieses Mal haben wir, die aktiven Gewerbetreibenden der Maybachstra\u00dfe und Umgebung keine M\u00fchen gescheut, um ein unvergessliches Fest f\u00fcr die ganze Familie auf die Beine zu [&hellip;]<\/p>\n","protected":false},"author":1,"featured_media":0,"parent":0,"menu_order":0,"comment_status":"closed","ping_status":"closed","template":"","meta":{"footnotes":""},"class_list":["post-86","page","type-page","status-publish","hentry"],"_links":{"self":[{"href":"https:\/\/wp.maybachfest.de\/index.php?rest_route=\/wp\/v2\/pages\/86","targetHints":{"allow":["GET"]}}],"collection":[{"href":"https:\/\/wp.maybachfest.de\/index.php?rest_route=\/wp\/v2\/pages"}],"about":[{"href":"https:\/\/wp.maybachfest.de\/index.php?rest_route=\/wp\/v2\/types\/page"}],"author":[{"embeddable":true,"href":"https:\/\/wp.maybachfest.de\/index.php?rest_route=\/wp\/v2\/users\/1"}],"replies":[{"embeddable":true,"href":"https:\/\/wp.maybachfest.de\/index.php?rest_route=%2Fwp%2Fv2%2Fcomments&post=86"}],"version-history":[{"count":37,"href":"https:\/\/wp.maybachfest.de\/index.php?rest_route=\/wp\/v2\/pages\/86\/revisions"}],"predecessor-version":[{"id":147,"href":"https:\/\/wp.maybachfest.de\/index.php?rest_route=\/wp\/v2\/pages\/86\/revisions\/147"}],"wp:attachment":[{"href":"https:\/\/wp.maybachfest.de\/index.php?rest_route=%2Fwp%2Fv2%2Fmedia&parent=86"}],"curies":[{"name":"wp","href":"https:\/\/api.w.org\/{rel}","templated":true}]}}