{"id":66,"date":"2025-03-26T15:39:12","date_gmt":"2025-03-26T14:39:12","guid":{"rendered":"https:\/\/wp.maybachfest.de\/?page_id=66"},"modified":"2025-07-23T16:20:19","modified_gmt":"2025-07-23T14:20:19","slug":"impressum","status":"publish","type":"page","link":"https:\/\/wp.maybachfest.de\/?page_id=66","title":{"rendered":"Impressum"},"content":{"rendered":"\n<p>Pro Vitess Gesundheitsorientierte Fitness GmbH<br>Gesch\u00e4ftsf\u00fchrer: Achim Wei\u00df<br>Maybachstr. 6<br>71229 Leonberg<br>Telefon: 07152-902700<br>E-Mail: info@pro-vitess.de<br>Website: www.pro-vitess.de<br>Umsatzsteuer-ID: DE189749606<br>Handelsregister: Amtsgericht Stuttgart &#8211; HRB-Nr. 252516<\/p>\n\n\n\n<p><\/p>\n","protected":false},"excerpt":{"rendered":"<p>Pro Vitess Gesundheitsorientierte Fitness GmbHGesch\u00e4ftsf\u00fchrer: Achim Wei\u00dfMaybachstr. 671229 LeonbergTelefon: 07152-902700E-Mail: info@pro-vitess.deWebsite: www.pro-vitess.deUmsatzsteuer-ID: DE189749606Handelsregister: Amtsgericht Stuttgart &#8211; HRB-Nr. 252516<\/p>\n","protected":false},"author":1,"featured_media":0,"parent":0,"menu_order":0,"comment_status":"closed","ping_status":"closed","template":"","meta":{"footnotes":""},"class_list":["post-66","page","type-page","status-publish","hentry"],"_links":{"self":[{"href":"https:\/\/wp.maybachfest.de\/index.php?rest_route=\/wp\/v2\/pages\/66","targetHints":{"allow":["GET"]}}],"collection":[{"href":"https:\/\/wp.maybachfest.de\/index.php?rest_route=\/wp\/v2\/pages"}],"about":[{"href":"https:\/\/wp.maybachfest.de\/index.php?rest_route=\/wp\/v2\/types\/page"}],"author":[{"embeddable":true,"href":"https:\/\/wp.maybachfest.de\/index.php?rest_route=\/wp\/v2\/users\/1"}],"replies":[{"embeddable":true,"href":"https:\/\/wp.maybachfest.de\/index.php?rest_route=%2Fwp%2Fv2%2Fcomments&post=66"}],"version-history":[{"count":2,"href":"https:\/\/wp.maybachfest.de\/index.php?rest_route=\/wp\/v2\/pages\/66\/revisions"}],"predecessor-version":[{"id":149,"href":"https:\/\/wp.maybachfest.de\/index.php?rest_route=\/wp\/v2\/pages\/66\/revisions\/149"}],"wp:attachment":[{"href":"https:\/\/wp.maybachfest.de\/index.php?rest_route=%2Fwp%2Fv2%2Fmedia&parent=66"}],"curies":[{"name":"wp","href":"https:\/\/api.w.org\/{rel}","templated":true}]}}